{"id":27,"date":"2025-04-28T10:54:15","date_gmt":"2025-04-28T08:54:15","guid":{"rendered":"https:\/\/www.fotostylepierzynka.pl\/?page_id=27"},"modified":"2025-07-29T16:24:19","modified_gmt":"2025-07-29T14:24:19","slug":"o-mnie-adam-pierzynka","status":"publish","type":"page","link":"https:\/\/www.fotostylepierzynka.pl\/index.php\/o-mnie-adam-pierzynka\/","title":{"rendered":"O MNIE"},"content":{"rendered":"<div class=\"aligncenter wp-block-site-logo\"><a href=\"https:\/\/www.fotostylepierzynka.pl\/\" class=\"custom-logo-link\" rel=\"home\"><img decoding=\"async\" width=\"200\" height=\"76\" src=\"https:\/\/www.fotostylepierzynka.pl\/wp-content\/uploads\/2025\/04\/LOGO-NOWE.webp\" class=\"custom-logo\" alt=\"Adam Pierzynka\" srcset=\"https:\/\/www.fotostylepierzynka.pl\/wp-content\/uploads\/2025\/04\/LOGO-NOWE.webp 759w, https:\/\/www.fotostylepierzynka.pl\/wp-content\/uploads\/2025\/04\/LOGO-NOWE-300x114.webp 300w\" sizes=\"(max-width: 200px) 100vw, 200px\" \/><\/a><\/div>\n\n\n<hr class=\"wp-block-separator aligncenter has-alpha-channel-opacity is-style-default\" style=\"margin-top:var(--wp--preset--spacing--30);margin-bottom:var(--wp--preset--spacing--30)\"\/>\n\n\n\n<p class=\"has-text-align-center has-arsenal-font-family has-x-large-font-size\"><strong>O MNIE<\/strong><\/p>\n\n\n\n<div class=\"wp-block-media-text alignwide has-media-on-the-right is-stacked-on-mobile\" style=\"grid-template-columns:auto 27%\"><div class=\"wp-block-media-text__content\">\n<p>Nazywam si\u0119 Adam Pierzynka i jestem fotografem z pasj\u0105 do uchwytywania moment\u00f3w, kt\u00f3re m\u00f3wi\u0105 wi\u0119cej ni\u017c s\u0142owa.<br>Moje zdj\u0119cia to nie tylko obrazy \u2014 to historie. <\/p>\n<\/div><figure class=\"wp-block-media-text__media\"><img fetchpriority=\"high\" decoding=\"async\" width=\"819\" height=\"1024\" src=\"https:\/\/www.fotostylepierzynka.pl\/wp-content\/uploads\/2025\/04\/3-819x1024.jpg\" alt=\"\" class=\"wp-image-231 size-full\" srcset=\"https:\/\/www.fotostylepierzynka.pl\/wp-content\/uploads\/2025\/04\/3-819x1024.jpg 819w, https:\/\/www.fotostylepierzynka.pl\/wp-content\/uploads\/2025\/04\/3-240x300.jpg 240w, https:\/\/www.fotostylepierzynka.pl\/wp-content\/uploads\/2025\/04\/3-768x960.jpg 768w, https:\/\/www.fotostylepierzynka.pl\/wp-content\/uploads\/2025\/04\/3-1229x1536.jpg 1229w, https:\/\/www.fotostylepierzynka.pl\/wp-content\/uploads\/2025\/04\/3-1638x2048.jpg 1638w, https:\/\/www.fotostylepierzynka.pl\/wp-content\/uploads\/2025\/04\/3-scaled.jpg 2048w\" sizes=\"(max-width: 819px) 100vw, 819px\" \/><\/figure><\/div>\n\n\n\n<div class=\"wp-block-media-text alignwide is-stacked-on-mobile\" style=\"grid-template-columns:27% auto\"><figure class=\"wp-block-media-text__media\"><img decoding=\"async\" width=\"731\" height=\"1024\" src=\"https:\/\/www.fotostylepierzynka.pl\/wp-content\/uploads\/2025\/04\/insta2-731x1024.jpg\" alt=\"\" class=\"wp-image-204 size-full\" srcset=\"https:\/\/www.fotostylepierzynka.pl\/wp-content\/uploads\/2025\/04\/insta2-731x1024.jpg 731w, https:\/\/www.fotostylepierzynka.pl\/wp-content\/uploads\/2025\/04\/insta2-214x300.jpg 214w, https:\/\/www.fotostylepierzynka.pl\/wp-content\/uploads\/2025\/04\/insta2-768x1075.jpg 768w, https:\/\/www.fotostylepierzynka.pl\/wp-content\/uploads\/2025\/04\/insta2-1097x1536.jpg 1097w, https:\/\/www.fotostylepierzynka.pl\/wp-content\/uploads\/2025\/04\/insta2-1463x2048.jpg 1463w, https:\/\/www.fotostylepierzynka.pl\/wp-content\/uploads\/2025\/04\/insta2.jpg 1648w\" sizes=\"(max-width: 731px) 100vw, 731px\" \/><\/figure><div class=\"wp-block-media-text__content\">\n<p>Fotografuj\u0119 ludzi, miejsca i emocje, zawsze staraj\u0105c si\u0119 uchwyci\u0107 ich naturalne pi\u0119kno.<br>Moj\u0105 misj\u0105 jest pokaza\u0107 \u015bwiat w taki spos\u00f3b, w jaki widz\u0119 go przez obiektyw \u2014 bez sztuczno\u015bci, z pe\u0142ni\u0105 autentyczno\u015bci i ciep\u0142a.<\/p>\n\n\n\n<p><\/p>\n<\/div><\/div>\n","protected":false},"excerpt":{"rendered":"<p>O MNIE Nazywam si\u0119 Adam Pierzynka i jestem fotografem z pasj\u0105 do uchwytywania moment\u00f3w, kt\u00f3re m\u00f3wi\u0105 wi\u0119cej ni\u017c s\u0142owa.Moje zdj\u0119cia to nie tylko obrazy \u2014 to historie. Fotografuj\u0119 ludzi, miejsca i emocje, zawsze staraj\u0105c si\u0119 uchwyci\u0107 ich naturalne pi\u0119kno.Moj\u0105 misj\u0105 jest pokaza\u0107 \u015bwiat w taki spos\u00f3b, w jaki widz\u0119 go przez obiektyw \u2014 bez sztuczno\u015bci, [&hellip;]<\/p>\n","protected":false},"author":1,"featured_media":0,"parent":0,"menu_order":0,"comment_status":"closed","ping_status":"closed","template":"","meta":{"footnotes":""},"class_list":["post-27","page","type-page","status-publish","hentry"],"_links":{"self":[{"href":"https:\/\/www.fotostylepierzynka.pl\/index.php\/wp-json\/wp\/v2\/pages\/27","targetHints":{"allow":["GET"]}}],"collection":[{"href":"https:\/\/www.fotostylepierzynka.pl\/index.php\/wp-json\/wp\/v2\/pages"}],"about":[{"href":"https:\/\/www.fotostylepierzynka.pl\/index.php\/wp-json\/wp\/v2\/types\/page"}],"author":[{"embeddable":true,"href":"https:\/\/www.fotostylepierzynka.pl\/index.php\/wp-json\/wp\/v2\/users\/1"}],"replies":[{"embeddable":true,"href":"https:\/\/www.fotostylepierzynka.pl\/index.php\/wp-json\/wp\/v2\/comments?post=27"}],"version-history":[{"count":45,"href":"https:\/\/www.fotostylepierzynka.pl\/index.php\/wp-json\/wp\/v2\/pages\/27\/revisions"}],"predecessor-version":[{"id":373,"href":"https:\/\/www.fotostylepierzynka.pl\/index.php\/wp-json\/wp\/v2\/pages\/27\/revisions\/373"}],"wp:attachment":[{"href":"https:\/\/www.fotostylepierzynka.pl\/index.php\/wp-json\/wp\/v2\/media?parent=27"}],"curies":[{"name":"wp","href":"https:\/\/api.w.org\/{rel}","templated":true}]}}