{"id":56,"date":"2025-04-28T11:41:10","date_gmt":"2025-04-28T09:41:10","guid":{"rendered":"https:\/\/www.fotostylepierzynka.pl\/?page_id=56"},"modified":"2025-04-30T14:51:43","modified_gmt":"2025-04-30T12:51:43","slug":"kontakt","status":"publish","type":"page","link":"https:\/\/www.fotostylepierzynka.pl\/index.php\/kontakt\/","title":{"rendered":"KONTAKT"},"content":{"rendered":"<div class=\"aligncenter wp-block-site-logo\"><a href=\"https:\/\/www.fotostylepierzynka.pl\/\" class=\"custom-logo-link\" rel=\"home\"><img decoding=\"async\" width=\"200\" height=\"76\" src=\"https:\/\/www.fotostylepierzynka.pl\/wp-content\/uploads\/2025\/04\/LOGO-NOWE.webp\" class=\"custom-logo\" alt=\"Adam Pierzynka\" srcset=\"https:\/\/www.fotostylepierzynka.pl\/wp-content\/uploads\/2025\/04\/LOGO-NOWE.webp 759w, https:\/\/www.fotostylepierzynka.pl\/wp-content\/uploads\/2025\/04\/LOGO-NOWE-300x114.webp 300w\" sizes=\"(max-width: 200px) 100vw, 200px\" \/><\/a><\/div>\n\n\n<hr class=\"wp-block-separator aligncenter has-alpha-channel-opacity is-style-default\" style=\"margin-top:var(--wp--preset--spacing--30);margin-bottom:var(--wp--preset--spacing--30)\"\/>\n\n\n\n<p class=\"has-text-align-center has-arsenal-font-family has-x-large-font-size\"><strong>KONTAKT<\/strong><\/p>\n\n\n\n<p class=\"has-text-align-center has-large-font-size\">\u0141\u00d3D\u0179<\/p>\n\n\n\n<p class=\"has-text-align-center has-arsenal-font-family has-medium-font-size\"><span style=\"font-weight: 400;\">FotoStylePierzynka@gmail.com<\/span><\/p>\n\n\n<div class=\"wpforms-container wpforms-container-full wpforms-block wpforms-block-dceb5e77-157a-437c-b18a-7af47e896941 wpforms-render-modern\" id=\"wpforms-138\"><form id=\"wpforms-form-138\" class=\"wpforms-validate wpforms-form wpforms-ajax-form\" data-formid=\"138\" method=\"post\" enctype=\"multipart\/form-data\" action=\"\/index.php\/wp-json\/wp\/v2\/pages\/56\" data-token=\"b6926c125f188000b97bd5640b4e5ce7\" data-token-time=\"1776843433\"><noscript class=\"wpforms-error-noscript\">Aby wype\u0142ni\u0107 ten formularz, w\u0142\u0105cz obs\u0142ug\u0119 JavaScript w przegl\u0105darce.<\/noscript><div class=\"wpforms-hidden\" id=\"wpforms-error-noscript\">Aby wype\u0142ni\u0107 ten formularz, w\u0142\u0105cz obs\u0142ug\u0119 JavaScript w przegl\u0105darce.<\/div><div class=\"wpforms-field-container\"><div id=\"wpforms-138-field_1-container\" class=\"wpforms-field wpforms-field-name\" data-field-id=\"1\"><fieldset><legend class=\"wpforms-field-label\">Imi\u0119 i nazwisko <span class=\"wpforms-required-label\" aria-hidden=\"true\">*<\/span><\/legend><div class=\"wpforms-field-row wpforms-field-medium\"><div class=\"wpforms-field-row-block wpforms-first wpforms-one-half\"><input type=\"text\" id=\"wpforms-138-field_1\" class=\"wpforms-field-name-first wpforms-field-required\" name=\"wpforms[fields][1][first]\" aria-errormessage=\"wpforms-138-field_1-error\" required><label for=\"wpforms-138-field_1\" class=\"wpforms-field-sublabel after\">Imi\u0119<\/label><\/div><div class=\"wpforms-field-row-block wpforms-one-half\"><input type=\"text\" id=\"wpforms-138-field_1-last\" class=\"wpforms-field-name-last wpforms-field-required\" name=\"wpforms[fields][1][last]\" aria-errormessage=\"wpforms-138-field_1-last-error\" required><label for=\"wpforms-138-field_1-last\" class=\"wpforms-field-sublabel after\">Nazwisko<\/label><\/div><\/div><\/fieldset><\/div><div id=\"wpforms-138-field_2-container\" class=\"wpforms-field wpforms-field-email\" data-field-id=\"2\"><label class=\"wpforms-field-label\" for=\"wpforms-138-field_2\">Adres e-mail <span class=\"wpforms-required-label\" aria-hidden=\"true\">*<\/span><\/label><input type=\"email\" id=\"wpforms-138-field_2\" class=\"wpforms-field-medium wpforms-field-required\" name=\"wpforms[fields][2]\" spellcheck=\"false\" aria-errormessage=\"wpforms-138-field_2-error\" required><\/div><div id=\"wpforms-138-field_3-container\" class=\"wpforms-field wpforms-field-textarea\" data-field-id=\"3\"><label class=\"wpforms-field-label\" for=\"wpforms-138-field_3\">Komentarz lub wiadomo\u015b\u0107<\/label><textarea id=\"wpforms-138-field_3\" class=\"wpforms-field-medium\" name=\"wpforms[fields][3]\" aria-errormessage=\"wpforms-138-field_3-error\" ><\/textarea><\/div><\/div><!-- .wpforms-field-container --><div class=\"wpforms-submit-container\" ><input type=\"hidden\" name=\"wpforms[id]\" value=\"138\"><input type=\"hidden\" name=\"page_title\" value=\"\"><input type=\"hidden\" name=\"page_url\" value=\"https:\/\/www.fotostylepierzynka.pl\/index.php\/wp-json\/wp\/v2\/pages\/56\"><input type=\"hidden\" name=\"url_referer\" value=\"\"><button type=\"submit\" name=\"wpforms[submit]\" id=\"wpforms-submit-138\" class=\"wpforms-submit\" data-alt-text=\"Wysy\u0142anie...\" data-submit-text=\"Prze\u015blij\" aria-live=\"assertive\" value=\"wpforms-submit\">Prze\u015blij<\/button><img decoding=\"async\" src=\"https:\/\/www.fotostylepierzynka.pl\/wp-content\/plugins\/wpforms-lite\/assets\/images\/submit-spin.svg\" class=\"wpforms-submit-spinner\" style=\"display: none;\" width=\"26\" height=\"26\" alt=\"Wczytywanie\"><\/div><\/form><\/div>  <!-- .wpforms-container -->","protected":false},"excerpt":{"rendered":"<p>KONTAKT \u0141\u00d3D\u0179 FotoStylePierzynka@gmail.com<\/p>\n","protected":false},"author":1,"featured_media":0,"parent":0,"menu_order":0,"comment_status":"closed","ping_status":"closed","template":"","meta":{"footnotes":""},"class_list":["post-56","page","type-page","status-publish","hentry"],"_links":{"self":[{"href":"https:\/\/www.fotostylepierzynka.pl\/index.php\/wp-json\/wp\/v2\/pages\/56","targetHints":{"allow":["GET"]}}],"collection":[{"href":"https:\/\/www.fotostylepierzynka.pl\/index.php\/wp-json\/wp\/v2\/pages"}],"about":[{"href":"https:\/\/www.fotostylepierzynka.pl\/index.php\/wp-json\/wp\/v2\/types\/page"}],"author":[{"embeddable":true,"href":"https:\/\/www.fotostylepierzynka.pl\/index.php\/wp-json\/wp\/v2\/users\/1"}],"replies":[{"embeddable":true,"href":"https:\/\/www.fotostylepierzynka.pl\/index.php\/wp-json\/wp\/v2\/comments?post=56"}],"version-history":[{"count":10,"href":"https:\/\/www.fotostylepierzynka.pl\/index.php\/wp-json\/wp\/v2\/pages\/56\/revisions"}],"predecessor-version":[{"id":212,"href":"https:\/\/www.fotostylepierzynka.pl\/index.php\/wp-json\/wp\/v2\/pages\/56\/revisions\/212"}],"wp:attachment":[{"href":"https:\/\/www.fotostylepierzynka.pl\/index.php\/wp-json\/wp\/v2\/media?parent=56"}],"curies":[{"name":"wp","href":"https:\/\/api.w.org\/{rel}","templated":true}]}}